{"id":393,"date":"2025-05-13T23:35:36","date_gmt":"2025-05-13T21:35:36","guid":{"rendered":"https:\/\/www.alcin-elektro.at\/?page_id=393"},"modified":"2025-05-13T23:52:32","modified_gmt":"2025-05-13T21:52:32","slug":"datenschutzerklaerung","status":"publish","type":"page","link":"https:\/\/www.alcin-elektro.at\/index.php\/datenschutzerklaerung\/","title":{"rendered":"Datenschutzerkl\u00e4rung"},"content":{"rendered":"\t\t<div data-elementor-type=\"wp-page\" data-elementor-id=\"393\" class=\"elementor elementor-393\">\n\t\t\t\t<div class=\"elementor-element elementor-element-ded6552 e-flex e-con-boxed e-con e-parent\" data-id=\"ded6552\" data-element_type=\"container\" data-settings=\"{&quot;background_background&quot;:&quot;slideshow&quot;,&quot;background_slideshow_gallery&quot;:[{&quot;id&quot;:396,&quot;url&quot;:&quot;https:\\\/\\\/www.alcin-elektro.at\\\/wp-content\\\/uploads\\\/2025\\\/05\\\/124620.jpg&quot;}],&quot;background_slideshow_loop&quot;:&quot;yes&quot;,&quot;background_slideshow_slide_duration&quot;:5000,&quot;background_slideshow_slide_transition&quot;:&quot;fade&quot;,&quot;background_slideshow_transition_duration&quot;:500}\">\n\t\t\t\t\t<div class=\"e-con-inner\">\n\t\t\t\t\t<\/div>\n\t\t\t\t<\/div>\n\t\t<div class=\"elementor-element elementor-element-5236da9 e-flex e-con-boxed e-con e-parent\" data-id=\"5236da9\" data-element_type=\"container\">\n\t\t\t\t\t<div class=\"e-con-inner\">\n\t\t\t\t<div class=\"elementor-element elementor-element-b07ca84 elementor-widget__width-initial elementor-widget elementor-widget-image\" data-id=\"b07ca84\" data-element_type=\"widget\" data-widget_type=\"image.default\">\n\t\t\t\t<div class=\"elementor-widget-container\">\n\t\t\t\t\t\t\t\t\t\t\t\t\t\t\t<img decoding=\"async\" width=\"209\" height=\"119\" src=\"https:\/\/www.alcin-elektro.at\/wp-content\/uploads\/2025\/01\/alcin-logo-yeni-2023-final-2.png\" class=\"attachment-large size-large wp-image-15\" alt=\"alcin-elektro-logo-2025\" \/>\t\t\t\t\t\t\t\t\t\t\t\t\t\t\t<\/div>\n\t\t\t\t<\/div>\n\t\t<div class=\"elementor-element elementor-element-1ecfb51 e-con-full e-flex e-con e-child\" data-id=\"1ecfb51\" data-element_type=\"container\">\n\t\t<div class=\"elementor-element elementor-element-045717b e-con-full e-flex e-con e-child\" data-id=\"045717b\" data-element_type=\"container\">\n\t\t\t\t<div class=\"elementor-element elementor-element-daafc34 elementor-widget elementor-widget-text-editor\" data-id=\"daafc34\" data-element_type=\"widget\" data-widget_type=\"text-editor.default\">\n\t\t\t\t<div class=\"elementor-widget-container\">\n\t\t\t\t\t\t\t\t\t<div id=\"u423-6\" class=\"clearfix colelem\"><p><span style=\"color: #000000;\"><b>Impressum <\/b>&#8211; <b>Datenschutzerkl\u00e4rung<\/b><\/span><\/p><p><span style=\"color: #000000;\"><b><span id=\"u426\">A<\/span><span id=\"u426-5\">lcin Elektro<\/span><\/b><\/span><\/p><\/div><div id=\"u426-169\" class=\"clearfix colelem\"><p id=\"u426-8\"><span style=\"color: #000000;\">Hermann-Sch\u00f6ne-Platz, 2\/4<\/span><br \/><span style=\"color: #000000;\">1100 Wien &#8211;\u00a0 \u00d6sterreich<\/span><br \/><span style=\"color: #000000;\">066499915066<\/span><br \/><span style=\"color: #000000;\">office@alcin-elektro.at<\/span><br \/><span style=\"color: #000000;\">www.alcin-elektro.at<\/span><\/p><p id=\"u426-28\"><b><span style=\"color: #000000;\">Vollst\u00e4ndiger Firmenname<\/span><br \/><\/b><span style=\"color: #000000;\">Yakup Alcin e.U.<\/span><br \/><span style=\"color: #000000;\"><b>UID-Nummer :<\/b> ATU 76672325<\/span><br \/><span style=\"color: #000000;\"><b>Firmenbuchgericht<\/b>:\u00a0<span style=\"background-color: transparent;\">Handelsgericht Wien<br \/><\/span><span style=\"background-color: transparent;\"><b>Unternehmensgegenstand<\/b><br \/><\/span><span style=\"background-color: transparent;\">LI Elektro-, Geb\u00e4ude-, Alarm- und Kommunikationstechniker<br \/><\/span><span style=\"background-color: transparent;\"><b>Kammer\/Berufsverband-Zugeh\u00f6rigkeit(en) <\/b>:\u00a0<\/span><span style=\"background-color: transparent;\">WKO Wien<br \/><\/span><span style=\"background-color: transparent;\"><b>Beh\u00f6rde gem. ECG (E-Commerce Gesetz)<\/b><br \/><\/span><span style=\"background-color: transparent;\">Magistratisches Bezirksamt des X. Bezirkes<\/span><\/span><\/p><\/div>\t\t\t\t\t\t\t\t<\/div>\n\t\t\t\t<\/div>\n\t\t\t\t<\/div>\n\t\t\t\t<\/div>\n\t\t<div class=\"elementor-element elementor-element-9111cf8 e-con-full e-flex e-con e-child\" data-id=\"9111cf8\" data-element_type=\"container\">\n\t\t\t\t<div class=\"elementor-element elementor-element-1055522 elementor-widget elementor-widget-text-editor\" data-id=\"1055522\" data-element_type=\"widget\" data-widget_type=\"text-editor.default\">\n\t\t\t\t<div class=\"elementor-widget-container\">\n\t\t\t\t\t\t\t\t\t<p id=\"u426-73\"><span style=\"color: #000000;\"><b>Copyright<\/b>:<\/span><br \/><span style=\"background-color: transparent; color: #000000;\">Der Inhalt dieser Seiten ist urheberrechtlich gesch\u00fctzt. Die Informationen sind nur zur pers\u00f6nlichen Nutzung bestimmt. Jede weitergehende Verwendung, insbesondere die Speicherung in Datenbanken, die Ver\u00f6ffentlichung, die Vervielf\u00e4ltigung und jegliche kommerzielle Nutzung sowie die Weitergabe an Dritte \u2013 auch in Teilen oder in \u00fcberarbeiteter Form \u2013 ohne Zustimmung der Yakup Alcin e.U.\u00a0 sind untersagt.<\/span><\/p><p id=\"u426-83\"><span style=\"color: #000000;\"><b>Haftungsausschluss<\/b>:<\/span><br \/><span style=\"background-color: transparent; color: #000000;\">Die in www.alcin-elektro.at ver\u00f6ffentlichten Inhalte sind mit gr\u00f6\u00dftm\u00f6glicher Sorgfalt recherchiert. Die Technik wurde bestm\u00f6glich programmiert. Dennoch kann die Yakup Alcin e.U. keine Gew\u00e4hr f\u00fcr Vollst\u00e4ndig- und Richtigkeit \u00fcbernehmen. Alle Angaben sind ohne Gew\u00e4hr. Eine Haftung f\u00fcr Sch\u00e4den, die sich aus der Verwendung der in www.alcin-elektro.at\u00a0 ver\u00f6ffentlichten Inhalte ergeben k\u00f6nnten, ist ausgeschlossen. F\u00fcr Funktion und Inhalt weiterf\u00fchrender Links sind wir ausnahmslos nicht verantwortlich.<\/span><\/p><p id=\"u426-93\"><span style=\"color: #000000;\"><b>Grundlegende Richtung:<br \/><\/b><\/span><span style=\"color: #000000; background-color: transparent;\">Informationen \u00fcber die Fa. Yakup Alcin e.U. und deren Mitarbeiter, Angebote und Leistungen.<\/span><\/p><p id=\"u426-103\"><span style=\"color: #000000;\"><b>Erkl\u00e4rung zur Informationspflicht (Datenschutzerkl\u00e4rung):<br \/><\/b><\/span><span style=\"color: #000000; background-color: transparent;\">Der Schutz Ihrer pers\u00f6nlichen Daten ist uns ein besonderes Anliegen. Wir verarbeiten Ihre Daten daher ausschlie\u00dflich auf Grundlage der gesetzlichen Bestimmungen (DSGVO, TKG 2003). In diesen Datenschutzinformationen informieren wir Sie \u00fcber die wichtigsten Aspekte der Datenverarbeitung im Rahmen unserer Website.<\/span><\/p><p id=\"u426-113\"><span style=\"color: #000000;\"><b>Kontakt mit uns<br \/><\/b><\/span><span style=\"color: #000000; background-color: transparent;\">Wenn Sie per Formular auf der Website oder per E-Mail Kontakt mit uns aufnehmen, werden Ihre angegebenen Daten zwecks Bearbeitung der Anfrage und f\u00fcr den Fall von Anschlussfragen zw\u00f6lf Monate bei uns gespeichert. Diese Daten geben wir nicht ohne Ihre Einwilligung weiter.<\/span><\/p><p id=\"u426-123\"><span style=\"color: #000000;\"><b>Cookies<br \/><\/b><\/span><span style=\"color: #000000; background-color: transparent;\">Unsere Website verwendet so genannte Cookies. Dabei handelt es sich um kleine Textdateien, die mit Hilfe des Browsers auf Ihrem Endger\u00e4t abgelegt werden. Sie richten keinen Schaden an. Wir nutzen Cookies dazu, unser Angebot nutzerfreundlich zu gestalten. Einige Cookies bleiben auf Ihrem Endger\u00e4t gespeichert, bis Sie diese l\u00f6schen. Sie erm\u00f6glichen es uns, Ihren Browser beim n\u00e4chsten Besuch wiederzuerkennen. Wenn Sie dies nicht w\u00fcnschen, so k\u00f6nnen Sie Ihren Browser so einrichten, dass er Sie \u00fcber das Setzen von Cookies informiert und Sie dies nur im Einzelfall erlauben. Bei der Deaktivierung von Cookies kann die Funktionalit\u00e4t unserer Website eingeschr\u00e4nkt sein.<\/span><\/p><p id=\"u426-133\"><span style=\"color: #000000;\"><b>Web-Analyse<br \/><\/b><\/span><span style=\"color: #000000; background-color: transparent;\">Unsere Website verwendet Funktionen des Webanalysedienstes Google Analytics von Google Inc. (1600 Amphitheatre Parkway, Mountain View, CA 94043). Dazu werden Cookies verwendet, die eine Analyse der Benutzung der Website durch Ihre Benutzer erm\u00f6glicht. Die dadurch erzeugten Informationen werden auf den Server des Anbieters \u00fcbertragen und dort gespeichert. Sie k\u00f6nnen dies verhindern, indem Sie Ihren Browser so einrichten, dass keine Cookies gespeichert werden. Wir haben mit dem Anbieter einen entsprechenden Vertrag zur Auftragsdatenverarbeitung abgeschlossen. Die Datenverarbeitung erfolgt auf Basis der gesetzlichen Bestimmungen des \u00a7 96 Abs 3 TKG sowie des Art 6 Abs 1 lit a (Einwilligung) und\/oder f (berechtigtes Interesse) der DSGVO. Unser Anliegen im Sinne der DSGVO (berechtigtes Interesse) ist die Verbesserung unseres Angebotes und unseres Webauftritts. Da uns die Privatsph\u00e4re unserer Nutzer wichtig ist, werden die Nutzerdaten pseudonymisiert.<\/span><\/p><p><span style=\"color: #000000;\">Weitere Informationen zum Umgang mit Nutzerdaten bei Google Analytics finden Sie in der Datenschutzerkl\u00e4rung von Google: https:\/\/www.google.com\/analytics\/learn\/privacy.html?hl=de<\/span><\/p><p><span style=\"color: #000000;\">Sie k\u00f6nnen die Erfassung und das Senden dieser Daten an Google sowie die Verarbeitung dieser Daten durch Google verhindern, indem Sie das unter dem folgenden Link verf\u00fcgbare Browser-Plugin herunterladen und installieren: https:\/\/tools.google.com\/dlpage\/gaoptout?hl=de.optout?hl=de.<\/span><\/p><p id=\"u426-155\"><span style=\"color: #000000;\"><b>Ihre Rechte<br \/><\/b><\/span><span style=\"color: #000000; background-color: transparent;\">Ihnen stehen grunds\u00e4tzlich die Rechte auf Auskunft, Berichtigung, L\u00f6schung, Einschr\u00e4nkung, Daten\u00fcbertragbarkeit, Widerruf und Widerspruch zu. Wenn Sie glauben, dass die Verarbeitung Ihrer Daten gegen das Datenschutzrecht verst\u00f6\u00dft oder Ihre datenschutzrechtlichen Anspr\u00fcche sonst in einer Weise verletzt worden sind, k\u00f6nnen Sie sich bei der Aufsichtsbeh\u00f6rde beschweren. In \u00d6sterreich ist dies die Datenschutzbeh\u00f6rde.<\/span><\/p>\t\t\t\t\t\t\t\t<\/div>\n\t\t\t\t<\/div>\n\t\t\t\t<\/div>\n\t\t\t\t\t<\/div>\n\t\t\t\t<\/div>\n\t\t\t\t<\/div>\n\t\t","protected":false},"excerpt":{"rendered":"<p>Impressum &#8211; Datenschutzerkl\u00e4rung Alcin Elektro Hermann-Sch\u00f6ne-Platz, 2\/41100 Wien &#8211;\u00a0 \u00d6sterreich066499915066office@alcin-elektro.atwww.alcin-elektro.at Vollst\u00e4ndiger FirmennameYakup Alcin e.U.UID-Nummer : ATU 76672325Firmenbuchgericht:\u00a0Handelsgericht WienUnternehmensgegenstandLI Elektro-, Geb\u00e4ude-, Alarm- und KommunikationstechnikerKammer\/Berufsverband-Zugeh\u00f6rigkeit(en) :\u00a0WKO WienBeh\u00f6rde gem. ECG (E-Commerce Gesetz)Magistratisches Bezirksamt des X. Bezirkes Copyright:Der Inhalt dieser Seiten ist urheberrechtlich gesch\u00fctzt. Die Informationen sind nur zur pers\u00f6nlichen Nutzung bestimmt. Jede weitergehende Verwendung, insbesondere die Speicherung in&#8230;<\/p>\n","protected":false},"author":1,"featured_media":0,"parent":0,"menu_order":0,"comment_status":"closed","ping_status":"closed","template":"","meta":{"_kad_post_transparent":"","_kad_post_title":"hide","_kad_post_layout":"fullwidth","_kad_post_sidebar_id":"","_kad_post_content_style":"unboxed","_kad_post_vertical_padding":"hide","_kad_post_feature":"hide","_kad_post_feature_position":"","_kad_post_header":false,"_kad_post_footer":false,"footnotes":""},"class_list":["post-393","page","type-page","status-publish","hentry"],"yoast_head":"<!-- This site is optimized with the Yoast SEO plugin v25.1 - https:\/\/yoast.com\/wordpress\/plugins\/seo\/ -->\n<title>Datenschutzerkl\u00e4rung -<\/title>\n<meta name=\"robots\" content=\"index, follow, max-snippet:-1, max-image-preview:large, max-video-preview:-1\" \/>\n<link rel=\"canonical\" href=\"https:\/\/www.alcin-elektro.at\/index.php\/datenschutzerklaerung\/\" \/>\n<meta property=\"og:locale\" content=\"de_DE\" \/>\n<meta property=\"og:type\" content=\"article\" \/>\n<meta property=\"og:title\" content=\"Datenschutzerkl\u00e4rung -\" \/>\n<meta property=\"og:description\" content=\"Impressum &#8211; Datenschutzerkl\u00e4rung Alcin Elektro Hermann-Sch\u00f6ne-Platz, 2\/41100 Wien &#8211;\u00a0 \u00d6sterreich066499915066office@alcin-elektro.atwww.alcin-elektro.at Vollst\u00e4ndiger FirmennameYakup Alcin e.U.UID-Nummer : ATU 76672325Firmenbuchgericht:\u00a0Handelsgericht WienUnternehmensgegenstandLI Elektro-, Geb\u00e4ude-, Alarm- und KommunikationstechnikerKammer\/Berufsverband-Zugeh\u00f6rigkeit(en) :\u00a0WKO WienBeh\u00f6rde gem. ECG (E-Commerce Gesetz)Magistratisches Bezirksamt des X. Bezirkes Copyright:Der Inhalt dieser Seiten ist urheberrechtlich gesch\u00fctzt. Die Informationen sind nur zur pers\u00f6nlichen Nutzung bestimmt. Jede weitergehende Verwendung, insbesondere die Speicherung in...\" \/>\n<meta property=\"og:url\" content=\"https:\/\/www.alcin-elektro.at\/index.php\/datenschutzerklaerung\/\" \/>\n<meta property=\"article:modified_time\" content=\"2025-05-13T21:52:32+00:00\" \/>\n<meta property=\"og:image\" content=\"https:\/\/www.alcin-elektro.at\/wp-content\/uploads\/2025\/01\/alcin-logo-yeni-2023-final-2.png\" \/>\n\t<meta property=\"og:image:width\" content=\"209\" \/>\n\t<meta property=\"og:image:height\" content=\"119\" \/>\n\t<meta property=\"og:image:type\" content=\"image\/png\" \/>\n<meta name=\"twitter:card\" content=\"summary_large_image\" \/>\n<meta name=\"twitter:label1\" content=\"Gesch\u00e4tzte Lesezeit\" \/>\n\t<meta name=\"twitter:data1\" content=\"4 Minuten\" \/>\n<script type=\"application\/ld+json\" class=\"yoast-schema-graph\">{\"@context\":\"https:\/\/schema.org\",\"@graph\":[{\"@type\":\"WebPage\",\"@id\":\"https:\/\/www.alcin-elektro.at\/index.php\/datenschutzerklaerung\/\",\"url\":\"https:\/\/www.alcin-elektro.at\/index.php\/datenschutzerklaerung\/\",\"name\":\"Datenschutzerkl\u00e4rung -\",\"isPartOf\":{\"@id\":\"https:\/\/www.alcin-elektro.at\/#website\"},\"primaryImageOfPage\":{\"@id\":\"https:\/\/www.alcin-elektro.at\/index.php\/datenschutzerklaerung\/#primaryimage\"},\"image\":{\"@id\":\"https:\/\/www.alcin-elektro.at\/index.php\/datenschutzerklaerung\/#primaryimage\"},\"thumbnailUrl\":\"https:\/\/www.alcin-elektro.at\/wp-content\/uploads\/2025\/01\/alcin-logo-yeni-2023-final-2.png\",\"datePublished\":\"2025-05-13T21:35:36+00:00\",\"dateModified\":\"2025-05-13T21:52:32+00:00\",\"breadcrumb\":{\"@id\":\"https:\/\/www.alcin-elektro.at\/index.php\/datenschutzerklaerung\/#breadcrumb\"},\"inLanguage\":\"de-AT\",\"potentialAction\":[{\"@type\":\"ReadAction\",\"target\":[\"https:\/\/www.alcin-elektro.at\/index.php\/datenschutzerklaerung\/\"]}]},{\"@type\":\"ImageObject\",\"inLanguage\":\"de-AT\",\"@id\":\"https:\/\/www.alcin-elektro.at\/index.php\/datenschutzerklaerung\/#primaryimage\",\"url\":\"https:\/\/www.alcin-elektro.at\/wp-content\/uploads\/2025\/01\/alcin-logo-yeni-2023-final-2.png\",\"contentUrl\":\"https:\/\/www.alcin-elektro.at\/wp-content\/uploads\/2025\/01\/alcin-logo-yeni-2023-final-2.png\",\"width\":209,\"height\":119,\"caption\":\"alcin-elektro-logo-2025\"},{\"@type\":\"BreadcrumbList\",\"@id\":\"https:\/\/www.alcin-elektro.at\/index.php\/datenschutzerklaerung\/#breadcrumb\",\"itemListElement\":[{\"@type\":\"ListItem\",\"position\":1,\"name\":\"Startseite\",\"item\":\"https:\/\/www.alcin-elektro.at\/\"},{\"@type\":\"ListItem\",\"position\":2,\"name\":\"Datenschutzerkl\u00e4rung\"}]},{\"@type\":\"WebSite\",\"@id\":\"https:\/\/www.alcin-elektro.at\/#website\",\"url\":\"https:\/\/www.alcin-elektro.at\/\",\"name\":\"\",\"description\":\"\",\"potentialAction\":[{\"@type\":\"SearchAction\",\"target\":{\"@type\":\"EntryPoint\",\"urlTemplate\":\"https:\/\/www.alcin-elektro.at\/?s={search_term_string}\"},\"query-input\":{\"@type\":\"PropertyValueSpecification\",\"valueRequired\":true,\"valueName\":\"search_term_string\"}}],\"inLanguage\":\"de-AT\"}]}<\/script>\n<!-- \/ Yoast SEO plugin. -->","yoast_head_json":{"title":"Datenschutzerkl\u00e4rung -","robots":{"index":"index","follow":"follow","max-snippet":"max-snippet:-1","max-image-preview":"max-image-preview:large","max-video-preview":"max-video-preview:-1"},"canonical":"https:\/\/www.alcin-elektro.at\/index.php\/datenschutzerklaerung\/","og_locale":"de_DE","og_type":"article","og_title":"Datenschutzerkl\u00e4rung -","og_description":"Impressum &#8211; Datenschutzerkl\u00e4rung Alcin Elektro Hermann-Sch\u00f6ne-Platz, 2\/41100 Wien &#8211;\u00a0 \u00d6sterreich066499915066office@alcin-elektro.atwww.alcin-elektro.at Vollst\u00e4ndiger FirmennameYakup Alcin e.U.UID-Nummer : ATU 76672325Firmenbuchgericht:\u00a0Handelsgericht WienUnternehmensgegenstandLI Elektro-, Geb\u00e4ude-, Alarm- und KommunikationstechnikerKammer\/Berufsverband-Zugeh\u00f6rigkeit(en) :\u00a0WKO WienBeh\u00f6rde gem. ECG (E-Commerce Gesetz)Magistratisches Bezirksamt des X. Bezirkes Copyright:Der Inhalt dieser Seiten ist urheberrechtlich gesch\u00fctzt. Die Informationen sind nur zur pers\u00f6nlichen Nutzung bestimmt. Jede weitergehende Verwendung, insbesondere die Speicherung in...","og_url":"https:\/\/www.alcin-elektro.at\/index.php\/datenschutzerklaerung\/","article_modified_time":"2025-05-13T21:52:32+00:00","og_image":[{"width":209,"height":119,"url":"https:\/\/www.alcin-elektro.at\/wp-content\/uploads\/2025\/01\/alcin-logo-yeni-2023-final-2.png","type":"image\/png"}],"twitter_card":"summary_large_image","twitter_misc":{"Gesch\u00e4tzte Lesezeit":"4 Minuten"},"schema":{"@context":"https:\/\/schema.org","@graph":[{"@type":"WebPage","@id":"https:\/\/www.alcin-elektro.at\/index.php\/datenschutzerklaerung\/","url":"https:\/\/www.alcin-elektro.at\/index.php\/datenschutzerklaerung\/","name":"Datenschutzerkl\u00e4rung -","isPartOf":{"@id":"https:\/\/www.alcin-elektro.at\/#website"},"primaryImageOfPage":{"@id":"https:\/\/www.alcin-elektro.at\/index.php\/datenschutzerklaerung\/#primaryimage"},"image":{"@id":"https:\/\/www.alcin-elektro.at\/index.php\/datenschutzerklaerung\/#primaryimage"},"thumbnailUrl":"https:\/\/www.alcin-elektro.at\/wp-content\/uploads\/2025\/01\/alcin-logo-yeni-2023-final-2.png","datePublished":"2025-05-13T21:35:36+00:00","dateModified":"2025-05-13T21:52:32+00:00","breadcrumb":{"@id":"https:\/\/www.alcin-elektro.at\/index.php\/datenschutzerklaerung\/#breadcrumb"},"inLanguage":"de-AT","potentialAction":[{"@type":"ReadAction","target":["https:\/\/www.alcin-elektro.at\/index.php\/datenschutzerklaerung\/"]}]},{"@type":"ImageObject","inLanguage":"de-AT","@id":"https:\/\/www.alcin-elektro.at\/index.php\/datenschutzerklaerung\/#primaryimage","url":"https:\/\/www.alcin-elektro.at\/wp-content\/uploads\/2025\/01\/alcin-logo-yeni-2023-final-2.png","contentUrl":"https:\/\/www.alcin-elektro.at\/wp-content\/uploads\/2025\/01\/alcin-logo-yeni-2023-final-2.png","width":209,"height":119,"caption":"alcin-elektro-logo-2025"},{"@type":"BreadcrumbList","@id":"https:\/\/www.alcin-elektro.at\/index.php\/datenschutzerklaerung\/#breadcrumb","itemListElement":[{"@type":"ListItem","position":1,"name":"Startseite","item":"https:\/\/www.alcin-elektro.at\/"},{"@type":"ListItem","position":2,"name":"Datenschutzerkl\u00e4rung"}]},{"@type":"WebSite","@id":"https:\/\/www.alcin-elektro.at\/#website","url":"https:\/\/www.alcin-elektro.at\/","name":"","description":"","potentialAction":[{"@type":"SearchAction","target":{"@type":"EntryPoint","urlTemplate":"https:\/\/www.alcin-elektro.at\/?s={search_term_string}"},"query-input":{"@type":"PropertyValueSpecification","valueRequired":true,"valueName":"search_term_string"}}],"inLanguage":"de-AT"}]}},"_links":{"self":[{"href":"https:\/\/www.alcin-elektro.at\/index.php\/wp-json\/wp\/v2\/pages\/393","targetHints":{"allow":["GET"]}}],"collection":[{"href":"https:\/\/www.alcin-elektro.at\/index.php\/wp-json\/wp\/v2\/pages"}],"about":[{"href":"https:\/\/www.alcin-elektro.at\/index.php\/wp-json\/wp\/v2\/types\/page"}],"author":[{"embeddable":true,"href":"https:\/\/www.alcin-elektro.at\/index.php\/wp-json\/wp\/v2\/users\/1"}],"replies":[{"embeddable":true,"href":"https:\/\/www.alcin-elektro.at\/index.php\/wp-json\/wp\/v2\/comments?post=393"}],"version-history":[{"count":4,"href":"https:\/\/www.alcin-elektro.at\/index.php\/wp-json\/wp\/v2\/pages\/393\/revisions"}],"predecessor-version":[{"id":399,"href":"https:\/\/www.alcin-elektro.at\/index.php\/wp-json\/wp\/v2\/pages\/393\/revisions\/399"}],"wp:attachment":[{"href":"https:\/\/www.alcin-elektro.at\/index.php\/wp-json\/wp\/v2\/media?parent=393"}],"curies":[{"name":"wp","href":"https:\/\/api.w.org\/{rel}","templated":true}]}}